{"id":1051,"date":"2021-08-18T10:43:43","date_gmt":"2021-08-18T07:43:43","guid":{"rendered":"https:\/\/dostguru.com\/woocommerce\/demo\/?page_id=1051"},"modified":"2022-01-09T12:59:34","modified_gmt":"2022-01-09T09:59:34","slug":"iletisim","status":"publish","type":"page","link":"http:\/\/starfairytekstil.com\/index.php\/iletisim\/","title":{"rendered":"\u0130leti\u015fim"},"content":{"rendered":"\t\t<div data-elementor-type=\"wp-page\" data-elementor-id=\"1051\" class=\"elementor elementor-1051\" data-elementor-settings=\"[]\">\n\t\t\t\t\t\t\t<div class=\"elementor-section-wrap\">\n\t\t\t\t\t\t\t<section class=\"elementor-section elementor-top-section elementor-element elementor-element-2effa99 elementor-section-boxed elementor-section-height-default elementor-section-height-default\" data-id=\"2effa99\" data-element_type=\"section\" data-settings=\"{&quot;ekit_has_onepagescroll_dot&quot;:&quot;yes&quot;}\">\n\t\t\t\t\t\t<div class=\"elementor-container elementor-column-gap-default\">\n\t\t\t\t\t<div class=\"elementor-column elementor-col-50 elementor-top-column elementor-element elementor-element-cff5f2e contact_address\" data-id=\"cff5f2e\" data-element_type=\"column\">\n\t\t\t<div class=\"elementor-widget-wrap elementor-element-populated\">\n\t\t\t\t\t\t\t\t<div class=\"elementor-element elementor-element-0fdf4b0 elementor-widget elementor-widget-wt_contact_address\" data-id=\"0fdf4b0\" data-element_type=\"widget\" data-settings=\"{&quot;ekit_we_effect_on&quot;:&quot;none&quot;}\" data-widget_type=\"wt_contact_address.default\">\n\t\t\t\t<div class=\"elementor-widget-container\">\n\t\t\t\r\n        <div class=\"address-container\">\r\n                            <h3 class=\"address-title simple-title\"><span>\u0130leti\u015fim Bilgilerimiz<\/span><\/h3>\r\n                            <div class=\"address-description description\"><\/div>\r\n                <div class=\"address-text first\">\r\n                    <div class=\"address-text-inner\">\r\n                        <div class=\"icon\"><i class=\"fa fa-map-marker\"><\/i><\/div>\r\n                        <div class=\"content\"><div class=\"address-label\">Adres:<\/div>Be\u015ftelsiz Mahallesi,<br> \u015eht. Er Faruk Sevim Sk<br> No:72 Zaytinburnu<\/div> \r\n                    <\/div>\r\n                <\/div>\r\n                            <div class=\"address-text second\">\r\n                    <div class=\"address-text-inner\">\r\n                        <div class=\"icon\"><i class=\"fa fa-phone\"><\/i><\/div> \r\n                        <div class=\"content\">\r\n                            <div class=\"address-label\">Telefon:<\/div><a href=\"tel:+905353389823\">0 535 338 98 23<\/a>                        <\/div>\r\n                    <\/div>\r\n                <\/div>\r\n                                <div class=\"address-text third\">\r\n                        <div class=\"address-text-inner\">\r\n                            <div class=\"icon\"><i class=\"fa fa-envelope \"><\/i><\/div>\r\n                            <div class=\"content\">\r\n                                <div class=\"address-label\">Email:<\/div>\r\n                                <a href=\"mailto:info@starfairytekstil.com\">info@starfairytekstil.com<\/a>\r\n                            <\/div>\r\n                        <\/div>\r\n                        <div class=\"other-des\">\r\n                                                                <p><\/p>\r\n                            <\/div>\r\n                    <\/div>\r\n                \t\t<\/div>\t\t<\/div>\n\t\t\t\t<\/div>\n\t\t\t\t\t<\/div>\n\t\t<\/div>\n\t\t\t\t<div class=\"elementor-column elementor-col-50 elementor-top-column elementor-element elementor-element-7bc92a8 contact_message\" data-id=\"7bc92a8\" data-element_type=\"column\">\n\t\t\t<div class=\"elementor-widget-wrap elementor-element-populated\">\n\t\t\t\t\t\t\t\t<div class=\"elementor-element elementor-element-5557881 contact_title elementor-widget elementor-widget-heading\" data-id=\"5557881\" data-element_type=\"widget\" data-settings=\"{&quot;ekit_we_effect_on&quot;:&quot;none&quot;}\" data-widget_type=\"heading.default\">\n\t\t\t\t<div class=\"elementor-widget-container\">\n\t\t\t<style>\/*! elementor - v3.5.3 - 28-12-2021 *\/\n.elementor-heading-title{padding:0;margin:0;line-height:1}.elementor-widget-heading .elementor-heading-title[class*=elementor-size-]>a{color:inherit;font-size:inherit;line-height:inherit}.elementor-widget-heading .elementor-heading-title.elementor-size-small{font-size:15px}.elementor-widget-heading .elementor-heading-title.elementor-size-medium{font-size:19px}.elementor-widget-heading .elementor-heading-title.elementor-size-large{font-size:29px}.elementor-widget-heading .elementor-heading-title.elementor-size-xl{font-size:39px}.elementor-widget-heading .elementor-heading-title.elementor-size-xxl{font-size:59px}<\/style><h2 class=\"elementor-heading-title elementor-size-default\">\u0130LET\u0130\u015e\u0130ME GE\u00c7\u0130N<\/h2>\t\t<\/div>\n\t\t\t\t<\/div>\n\t\t\t\t<div class=\"elementor-element elementor-element-17b3984 elementor-widget elementor-widget-elementskit-contact-form7\" data-id=\"17b3984\" data-element_type=\"widget\" data-settings=\"{&quot;ekit_we_effect_on&quot;:&quot;none&quot;}\" data-widget_type=\"elementskit-contact-form7.default\">\n\t\t\t\t<div class=\"elementor-widget-container\">\n\t\t\t<div class=\"ekit-wid-con\" ><div class=\"ekit-form\"><div role=\"form\" class=\"wpcf7\" id=\"wpcf7-f7-o1\" lang=\"tr-TR\" dir=\"ltr\">\n<div class=\"screen-reader-response\"><p role=\"status\" aria-live=\"polite\" aria-atomic=\"true\"><\/p> <ul><\/ul><\/div>\n<form action=\"\/index.php\/wp-json\/wp\/v2\/pages\/1051#wpcf7-f7-o1\" method=\"post\" class=\"wpcf7-form init\" novalidate=\"novalidate\" data-status=\"init\">\n<div style=\"display: none;\">\n<input type=\"hidden\" name=\"_wpcf7\" value=\"7\" \/>\n<input type=\"hidden\" name=\"_wpcf7_version\" value=\"5.5.3\" \/>\n<input type=\"hidden\" name=\"_wpcf7_locale\" value=\"tr_TR\" \/>\n<input type=\"hidden\" name=\"_wpcf7_unit_tag\" value=\"wpcf7-f7-o1\" \/>\n<input type=\"hidden\" name=\"_wpcf7_container_post\" value=\"0\" \/>\n<input type=\"hidden\" name=\"_wpcf7_posted_data_hash\" value=\"\" \/>\n<\/div>\n<p><label> \u0130sim<br \/>\n    <span class=\"wpcf7-form-control-wrap your-name\"><input type=\"text\" name=\"your-name\" value=\"\" size=\"40\" class=\"wpcf7-form-control wpcf7-text wpcf7-validates-as-required\" aria-required=\"true\" aria-invalid=\"false\" \/><\/span> <\/label><\/p>\n<p><label> E-Posta<br \/>\n    <span class=\"wpcf7-form-control-wrap your-email\"><input type=\"email\" name=\"your-email\" value=\"\" size=\"40\" class=\"wpcf7-form-control wpcf7-text wpcf7-email wpcf7-validates-as-required wpcf7-validates-as-email\" aria-required=\"true\" aria-invalid=\"false\" \/><\/span> <\/label><\/p>\n<p><label> Konu<br \/>\n    <span class=\"wpcf7-form-control-wrap your-subject\"><input type=\"text\" name=\"your-subject\" value=\"\" size=\"40\" class=\"wpcf7-form-control wpcf7-text wpcf7-validates-as-required\" aria-required=\"true\" aria-invalid=\"false\" \/><\/span> <\/label><\/p>\n<p><label> Mesaj<br \/>\n    <span class=\"wpcf7-form-control-wrap your-message\"><textarea name=\"your-message\" cols=\"40\" rows=\"10\" class=\"wpcf7-form-control wpcf7-textarea\" aria-invalid=\"false\"><\/textarea><\/span> <\/label><\/p>\n<p><input type=\"submit\" value=\"G\u00f6nder\" class=\"wpcf7-form-control has-spinner wpcf7-submit\" \/><\/p>\n<div class=\"wpcf7-response-output\" aria-hidden=\"true\"><\/div><\/form><\/div><\/div><\/div>\t\t<\/div>\n\t\t\t\t<\/div>\n\t\t\t\t\t<\/div>\n\t\t<\/div>\n\t\t\t\t\t\t\t<\/div>\n\t\t<\/section>\n\t\t\t\t<section class=\"elementor-section elementor-top-section elementor-element elementor-element-69877e6 elementor-section-boxed elementor-section-height-default elementor-section-height-default\" data-id=\"69877e6\" data-element_type=\"section\" data-settings=\"{&quot;ekit_has_onepagescroll_dot&quot;:&quot;yes&quot;}\">\n\t\t\t\t\t\t<div class=\"elementor-container elementor-column-gap-default\">\n\t\t\t\t\t<div class=\"elementor-column elementor-col-100 elementor-top-column elementor-element elementor-element-3edc236\" data-id=\"3edc236\" data-element_type=\"column\">\n\t\t\t<div class=\"elementor-widget-wrap elementor-element-populated\">\n\t\t\t\t\t\t\t\t<div class=\"elementor-element elementor-element-4ff30be elementor-widget elementor-widget-spacer\" data-id=\"4ff30be\" data-element_type=\"widget\" data-settings=\"{&quot;ekit_we_effect_on&quot;:&quot;none&quot;}\" data-widget_type=\"spacer.default\">\n\t\t\t\t<div class=\"elementor-widget-container\">\n\t\t\t\t\t<div class=\"elementor-spacer\">\n\t\t\t<div class=\"elementor-spacer-inner\"><\/div>\n\t\t<\/div>\n\t\t\t\t<\/div>\n\t\t\t\t<\/div>\n\t\t\t\t\t<\/div>\n\t\t<\/div>\n\t\t\t\t\t\t\t<\/div>\n\t\t<\/section>\n\t\t\t\t<section class=\"elementor-section elementor-top-section elementor-element elementor-element-96c2af2 elementor-section-boxed elementor-section-height-default elementor-section-height-default\" data-id=\"96c2af2\" data-element_type=\"section\" data-settings=\"{&quot;ekit_has_onepagescroll_dot&quot;:&quot;yes&quot;}\">\n\t\t\t\t\t\t<div class=\"elementor-container elementor-column-gap-default\">\n\t\t\t\t\t<div class=\"elementor-column elementor-col-100 elementor-top-column elementor-element elementor-element-758cd1a\" data-id=\"758cd1a\" data-element_type=\"column\">\n\t\t\t<div class=\"elementor-widget-wrap elementor-element-populated\">\n\t\t\t\t\t\t\t\t<div class=\"elementor-element elementor-element-77a90c6 elementor-widget elementor-widget-spacer\" data-id=\"77a90c6\" data-element_type=\"widget\" data-settings=\"{&quot;ekit_we_effect_on&quot;:&quot;none&quot;}\" data-widget_type=\"spacer.default\">\n\t\t\t\t<div class=\"elementor-widget-container\">\n\t\t\t\t\t<div class=\"elementor-spacer\">\n\t\t\t<div class=\"elementor-spacer-inner\"><\/div>\n\t\t<\/div>\n\t\t\t\t<\/div>\n\t\t\t\t<\/div>\n\t\t\t\t\t<\/div>\n\t\t<\/div>\n\t\t\t\t\t\t\t<\/div>\n\t\t<\/section>\n\t\t\t\t<section class=\"elementor-section elementor-top-section elementor-element elementor-element-2b0ade1 elementor-section-boxed elementor-section-height-default elementor-section-height-default\" data-id=\"2b0ade1\" data-element_type=\"section\" data-settings=\"{&quot;ekit_has_onepagescroll_dot&quot;:&quot;yes&quot;}\">\n\t\t\t\t\t\t<div class=\"elementor-container elementor-column-gap-default\">\n\t\t\t\t\t<div class=\"elementor-column elementor-col-100 elementor-top-column elementor-element elementor-element-82911e3\" data-id=\"82911e3\" data-element_type=\"column\">\n\t\t\t<div class=\"elementor-widget-wrap elementor-element-populated\">\n\t\t\t\t\t\t\t\t<div class=\"elementor-element elementor-element-b3336ef elementor-widget elementor-widget-google_maps\" data-id=\"b3336ef\" data-element_type=\"widget\" data-settings=\"{&quot;ekit_we_effect_on&quot;:&quot;none&quot;}\" data-widget_type=\"google_maps.default\">\n\t\t\t\t<div class=\"elementor-widget-container\">\n\t\t\t<style>\/*! elementor - v3.5.3 - 28-12-2021 *\/\n.elementor-widget-google_maps .elementor-widget-container{overflow:hidden}.elementor-widget-google_maps iframe{height:300px}<\/style>\t\t<div class=\"elementor-custom-embed\">\n\t\t\t<iframe frameborder=\"0\" scrolling=\"no\" marginheight=\"0\" marginwidth=\"0\"\n\t\t\t\t\tsrc=\"https:\/\/maps.google.com\/maps?q=starfairy&#038;t=m&#038;z=17&#038;output=embed&#038;iwloc=near\"\n\t\t\t\t\ttitle=\"starfairy\"\n\t\t\t\t\taria-label=\"starfairy\"\n\t\t\t><\/iframe>\n\t\t<\/div>\n\t\t\t\t<\/div>\n\t\t\t\t<\/div>\n\t\t\t\t\t<\/div>\n\t\t<\/div>\n\t\t\t\t\t\t\t<\/div>\n\t\t<\/section>\n\t\t\t\t\t\t<\/div>\n\t\t\t\t\t<\/div>\n\t\t","protected":false},"excerpt":{"rendered":"<p>\u0130leti\u015fim Bilgilerimiz Adres:Be\u015ftelsiz Mahallesi, \u015eht. Er Faruk Sevim Sk No:72 Zaytinburnu Telefon:0 535 338 98 23 Email: info@starfairytekstil.com \u0130LET\u0130\u015e\u0130ME GE\u00c7\u0130N \u0130sim E-Posta Konu Mesaj<\/p>\n","protected":false},"author":1,"featured_media":0,"parent":0,"menu_order":0,"comment_status":"closed","ping_status":"closed","template":"","meta":{"_monsterinsights_skip_tracking":false,"_monsterinsights_sitenote_active":false,"_monsterinsights_sitenote_note":"","_monsterinsights_sitenote_category":0,"footnotes":""},"class_list":["post-1051","page","type-page","status-publish","hentry"],"yoast_head":"<!-- This site is optimized with the Yoast SEO plugin v17.8 - https:\/\/yoast.com\/wordpress\/plugins\/seo\/ -->\n<title>\u0130leti\u015fim - Starfairy Tekstil<\/title>\n<meta name=\"robots\" content=\"index, follow, max-snippet:-1, max-image-preview:large, max-video-preview:-1\" \/>\n<link rel=\"canonical\" href=\"http:\/\/starfairytekstil.com\/index.php\/iletisim\/\" \/>\n<meta property=\"og:locale\" content=\"tr_TR\" \/>\n<meta property=\"og:type\" content=\"article\" \/>\n<meta property=\"og:title\" content=\"\u0130leti\u015fim - Starfairy Tekstil\" \/>\n<meta property=\"og:description\" content=\"\u0130leti\u015fim Bilgilerimiz Adres:Be\u015ftelsiz Mahallesi, \u015eht. Er Faruk Sevim Sk No:72 Zaytinburnu Telefon:0 535 338 98 23 Email: info@starfairytekstil.com \u0130LET\u0130\u015e\u0130ME GE\u00c7\u0130N \u0130sim E-Posta Konu Mesaj\" \/>\n<meta property=\"og:url\" content=\"http:\/\/starfairytekstil.com\/index.php\/iletisim\/\" \/>\n<meta property=\"og:site_name\" content=\"Starfairy Tekstil\" \/>\n<meta property=\"article:modified_time\" content=\"2022-01-09T09:59:34+00:00\" \/>\n<meta name=\"twitter:card\" content=\"summary_large_image\" \/>\n<meta name=\"twitter:label1\" content=\"Tahmini okuma s\u00fcresi\" \/>\n\t<meta name=\"twitter:data1\" content=\"1 dakika\" \/>\n<script type=\"application\/ld+json\" class=\"yoast-schema-graph\">{\"@context\":\"https:\/\/schema.org\",\"@graph\":[{\"@type\":\"WebSite\",\"@id\":\"http:\/\/starfairytekstil.com\/#website\",\"url\":\"http:\/\/starfairytekstil.com\/\",\"name\":\"Starfairy Tekstil\",\"description\":\"\",\"potentialAction\":[{\"@type\":\"SearchAction\",\"target\":{\"@type\":\"EntryPoint\",\"urlTemplate\":\"http:\/\/starfairytekstil.com\/?s={search_term_string}\"},\"query-input\":\"required name=search_term_string\"}],\"inLanguage\":\"tr\"},{\"@type\":\"WebPage\",\"@id\":\"http:\/\/starfairytekstil.com\/index.php\/iletisim\/#webpage\",\"url\":\"http:\/\/starfairytekstil.com\/index.php\/iletisim\/\",\"name\":\"\\u0130leti\\u015fim - Starfairy Tekstil\",\"isPartOf\":{\"@id\":\"http:\/\/starfairytekstil.com\/#website\"},\"datePublished\":\"2021-08-18T07:43:43+00:00\",\"dateModified\":\"2022-01-09T09:59:34+00:00\",\"breadcrumb\":{\"@id\":\"http:\/\/starfairytekstil.com\/index.php\/iletisim\/#breadcrumb\"},\"inLanguage\":\"tr\",\"potentialAction\":[{\"@type\":\"ReadAction\",\"target\":[\"http:\/\/starfairytekstil.com\/index.php\/iletisim\/\"]}]},{\"@type\":\"BreadcrumbList\",\"@id\":\"http:\/\/starfairytekstil.com\/index.php\/iletisim\/#breadcrumb\",\"itemListElement\":[{\"@type\":\"ListItem\",\"position\":1,\"name\":\"Home\",\"item\":\"http:\/\/starfairytekstil.com\/\"},{\"@type\":\"ListItem\",\"position\":2,\"name\":\"\\u0130leti\\u015fim\"}]}]}<\/script>\n<!-- \/ Yoast SEO plugin. -->","yoast_head_json":{"title":"\u0130leti\u015fim - Starfairy Tekstil","robots":{"index":"index","follow":"follow","max-snippet":"max-snippet:-1","max-image-preview":"max-image-preview:large","max-video-preview":"max-video-preview:-1"},"canonical":"http:\/\/starfairytekstil.com\/index.php\/iletisim\/","og_locale":"tr_TR","og_type":"article","og_title":"\u0130leti\u015fim - Starfairy Tekstil","og_description":"\u0130leti\u015fim Bilgilerimiz Adres:Be\u015ftelsiz Mahallesi, \u015eht. Er Faruk Sevim Sk No:72 Zaytinburnu Telefon:0 535 338 98 23 Email: info@starfairytekstil.com \u0130LET\u0130\u015e\u0130ME GE\u00c7\u0130N \u0130sim E-Posta Konu Mesaj","og_url":"http:\/\/starfairytekstil.com\/index.php\/iletisim\/","og_site_name":"Starfairy Tekstil","article_modified_time":"2022-01-09T09:59:34+00:00","twitter_card":"summary_large_image","twitter_misc":{"Tahmini okuma s\u00fcresi":"1 dakika"},"schema":{"@context":"https:\/\/schema.org","@graph":[{"@type":"WebSite","@id":"http:\/\/starfairytekstil.com\/#website","url":"http:\/\/starfairytekstil.com\/","name":"Starfairy Tekstil","description":"","potentialAction":[{"@type":"SearchAction","target":{"@type":"EntryPoint","urlTemplate":"http:\/\/starfairytekstil.com\/?s={search_term_string}"},"query-input":"required name=search_term_string"}],"inLanguage":"tr"},{"@type":"WebPage","@id":"http:\/\/starfairytekstil.com\/index.php\/iletisim\/#webpage","url":"http:\/\/starfairytekstil.com\/index.php\/iletisim\/","name":"\u0130leti\u015fim - Starfairy Tekstil","isPartOf":{"@id":"http:\/\/starfairytekstil.com\/#website"},"datePublished":"2021-08-18T07:43:43+00:00","dateModified":"2022-01-09T09:59:34+00:00","breadcrumb":{"@id":"http:\/\/starfairytekstil.com\/index.php\/iletisim\/#breadcrumb"},"inLanguage":"tr","potentialAction":[{"@type":"ReadAction","target":["http:\/\/starfairytekstil.com\/index.php\/iletisim\/"]}]},{"@type":"BreadcrumbList","@id":"http:\/\/starfairytekstil.com\/index.php\/iletisim\/#breadcrumb","itemListElement":[{"@type":"ListItem","position":1,"name":"Home","item":"http:\/\/starfairytekstil.com\/"},{"@type":"ListItem","position":2,"name":"\u0130leti\u015fim"}]}]}},"_links":{"self":[{"href":"http:\/\/starfairytekstil.com\/index.php\/wp-json\/wp\/v2\/pages\/1051","targetHints":{"allow":["GET"]}}],"collection":[{"href":"http:\/\/starfairytekstil.com\/index.php\/wp-json\/wp\/v2\/pages"}],"about":[{"href":"http:\/\/starfairytekstil.com\/index.php\/wp-json\/wp\/v2\/types\/page"}],"author":[{"embeddable":true,"href":"http:\/\/starfairytekstil.com\/index.php\/wp-json\/wp\/v2\/users\/1"}],"replies":[{"embeddable":true,"href":"http:\/\/starfairytekstil.com\/index.php\/wp-json\/wp\/v2\/comments?post=1051"}],"version-history":[{"count":19,"href":"http:\/\/starfairytekstil.com\/index.php\/wp-json\/wp\/v2\/pages\/1051\/revisions"}],"predecessor-version":[{"id":3269,"href":"http:\/\/starfairytekstil.com\/index.php\/wp-json\/wp\/v2\/pages\/1051\/revisions\/3269"}],"wp:attachment":[{"href":"http:\/\/starfairytekstil.com\/index.php\/wp-json\/wp\/v2\/media?parent=1051"}],"curies":[{"name":"wp","href":"https:\/\/api.w.org\/{rel}","templated":true}]}}